{"id":761,"date":"2015-01-15T15:08:06","date_gmt":"2015-01-15T15:08:06","guid":{"rendered":"http:\/\/www.duartecaldeira.com\/?page_id=761"},"modified":"2015-02-13T15:13:59","modified_gmt":"2015-02-13T15:13:59","slug":"publicacoes","status":"publish","type":"page","link":"https:\/\/www.duartecaldeira.com\/en\/publicacoes\/","title":{"rendered":"Publica\u00e7\u00f5es"},"content":{"rendered":"<div class=\"wpb-content-wrapper\"><p><\/p>\n<p>[vc_row row_type=&#8221;row&#8221; use_row_as_full_screen_section=&#8221;no&#8221; type=&#8221;full_width&#8221; icon_pack=&#8221;font_awesome&#8221; content_menu_fe_icon=&#8221;arrow_back&#8221; text_align=&#8221;left&#8221; padding_bottom=&#8221;0&#8243;][vc_column width=&#8221;1\/1&#8243;]<div class=\"image_with_text\"><img decoding=\"async\" src=\"https:\/\/www.duartecaldeira.com\/wp-content\/uploads\/2015\/01\/uzina_books_dc.jpg\" alt=\"\" \/><h5 ><\/h5><span style=\"margin: 6px 0px;\" class=\"separator transparent\"><\/span><\/div>[\/vc_column][\/vc_row][vc_row css=&#8221;.vc_custom_1423507435497{padding-top: 8% !important;}&#8221; row_type=&#8221;row&#8221; use_row_as_full_screen_section=&#8221;no&#8221; type=&#8221;full_width&#8221; icon_pack=&#8221;font_awesome&#8221; content_menu_fe_icon=&#8221;arrow_back&#8221; text_align=&#8221;left&#8221; padding_top=&#8221;0&#8243;][vc_column width=&#8221;1\/1&#8243;][vc_column_text]<\/p>\n<p style=\"text-align: justify;\">An affinity with nature and the natural landscape is a characteristic common to all these projects, carried out over a period of years, and it shows up in distinct manifestations and in different degrees of intensity and importance. This link with nature is not constant or always perceptible, sometimes it appears stronger and present, other time more tenuous and subtle. There are relations of antagonism and confrontation and possibly of interconnection and dependency. Another characteristic of these projects is in the fact that they are located in a specific geographical territory \u2013 the island of Madeira. But the territory is not only geographic it is also a space of personal character that is built with the interests, experience, knowledge and sensibility of the individual. It is done from the personal and particular universe. Therefore it is an interior territory.<\/p>\n<p>[\/vc_column_text][vc_column_text css=&#8221;.vc_custom_1423764482087{padding-top: 50px !important;}&#8221;]<\/p>\n<p style=\"text-align: center;\"><a href=\"http:\/\/uzinabooks.com\/content\/inner-territory-duarte-caldeira\" target=\"_blank\">Inner Territory &#8211; Duarte Caldeira<\/a><\/p>\n<p style=\"text-align: center;\">Edi\u00e7\u00e3o Uzina Books \u00a9 2014<\/p>\n<p style=\"text-align: center;\">ISBN:\u00a0978-989-8456-71-7<\/p>\n<p>[\/vc_column_text][\/vc_column][\/vc_row][vc_row row_type=&#8221;row&#8221; use_row_as_full_screen_section=&#8221;no&#8221; type=&#8221;full_width&#8221; icon_pack=&#8221;font_awesome&#8221; content_menu_fe_icon=&#8221;arrow_back&#8221; text_align=&#8221;left&#8221; padding_top=&#8221;60&#8243; padding_bottom=&#8221;60&#8243;][vc_column width=&#8221;1\/4&#8243;][vc_single_image image=&#8221;892&#8243; border_color=&#8221;grey&#8221; img_link_target=&#8221;_self&#8221; img_size=&#8221;medium&#8221; css=&#8221;.vc_custom_1423508070941{padding-bottom: 20px !important;}&#8221;][vc_column_text]<strong>C3 Magazine n\u00ba 330<br \/> <\/strong>Edited and published by C3 Publishing Co.<br \/> 2010<br \/> ISSN 2092-5190[\/vc_column_text][\/vc_column][vc_column width=&#8221;1\/4&#8243;][vc_single_image image=&#8221;895&#8243; border_color=&#8221;grey&#8221; img_link_target=&#8221;_self&#8221; img_size=&#8221;medium&#8221; css=&#8221;.vc_custom_1423508098703{padding-bottom: 20px !important;}&#8221;][vc_column_text]<strong>Landscape Architect n\u00ba1<br \/> <\/strong>Edited and published by University Press, Dalian University of Technology<br \/> 2013<br \/> ISSN 1672-7460[\/vc_column_text][\/vc_column][vc_column width=&#8221;1\/4&#8243;][vc_single_image image=&#8221;896&#8243; border_color=&#8221;grey&#8221; img_link_target=&#8221;_self&#8221; img_size=&#8221;medium&#8221; css=&#8221;.vc_custom_1423508106506{padding-bottom: 20px !important;}&#8221;][vc_column_text]<strong>Night Fever 3<br \/> <\/strong>Authors &#8211; Sarah Martin Pearson, Carmel MacNamara, Marlous van Rossum-Willems<br \/> Publisher &#8211; Frame Publishers<br \/> 2012<br \/> ISBN 978-90-77174-63-0[\/vc_column_text][\/vc_column][vc_column width=&#8221;1\/4&#8243;][vc_single_image image=&#8221;897&#8243; border_color=&#8221;grey&#8221; img_link_target=&#8221;_self&#8221; img_size=&#8221;medium&#8221; css=&#8221;.vc_custom_1423508113064{padding-bottom: 20px !important;}&#8221;][vc_column_text]<strong>Taste It!<br \/> <\/strong>Edited and published by Sandu Publishing Co Ltd<br \/> First Edition 2012<br \/> ISBN 978-988-15704-7-5[\/vc_column_text][\/vc_column][\/vc_row][vc_row][vc_column][vc_column_text]<\/p>\n<p>[\/vc_column_text][\/vc_column][\/vc_row][vc_row][vc_column][vc_column_text]<\/p>\n<p>[\/vc_column_text][\/vc_column][\/vc_row][vc_row][vc_column][vc_column_text]<\/p>\n<p>\u00a0[\/vc_column_text][\/vc_column][\/vc_row]<\/p>\n<p><\/p>\n<\/div>","protected":false},"excerpt":{"rendered":"<p>[vc_row row_type=&#8221;row&#8221; use_row_as_full_screen_section=&#8221;no&#8221; type=&#8221;full_width&#8221; icon_pack=&#8221;font_awesome&#8221; content_menu_fe_icon=&#8221;arrow_back&#8221; text_align=&#8221;left&#8221; padding_bottom=&#8221;0&#8243;][vc_column width=&#8221;1\/1&#8243;][\/vc_column][\/vc_row][vc_row css=&#8221;.vc_custom_1423507435497{padding-top: 8% !important;}&#8221; row_type=&#8221;row&#8221; use_row_as_full_screen_section=&#8221;no&#8221; type=&#8221;full_width&#8221; icon_pack=&#8221;font_awesome&#8221; content_menu_fe_icon=&#8221;arrow_back&#8221; text_align=&#8221;left&#8221; padding_top=&#8221;0&#8243;][vc_column width=&#8221;1\/1&#8243;][vc_column_text] An affinity with nature and the natural landscape is a characteristic common to all these projects, carried out over a period of years, and it&#8230;<\/p>\n","protected":false},"author":1,"featured_media":894,"parent":0,"menu_order":0,"comment_status":"open","ping_status":"open","template":"","meta":{"_exactmetrics_skip_tracking":false,"_exactmetrics_sitenote_active":false,"_exactmetrics_sitenote_note":"","_exactmetrics_sitenote_category":0,"footnotes":""},"class_list":["post-761","page","type-page","status-publish","has-post-thumbnail","hentry"],"yoast_head":"<!-- This site is optimized with the Yoast SEO plugin v27.4 - https:\/\/yoast.com\/product\/yoast-seo-wordpress\/ -->\n<title>Publica\u00e7\u00f5es - Duarte Caldeira | architect<\/title>\n<meta name=\"description\" content=\"O arquiteto Duarte Caldeira tem um vasto portef\u00f3lio de obras realizadas que inclui edif\u00edcios p\u00fablicos hot\u00e9is, empreendimentos residenciais e comerciais, interiores e design de mobili\u00e1rio.\" \/>\n<meta name=\"robots\" content=\"index, follow, max-snippet:-1, max-image-preview:large, max-video-preview:-1\" \/>\n<link rel=\"canonical\" href=\"https:\/\/www.duartecaldeira.com\/publicacoes\/\" \/>\n<meta property=\"og:locale\" content=\"en_US\" \/>\n<meta property=\"og:type\" content=\"article\" \/>\n<meta property=\"og:title\" content=\"Publica\u00e7\u00f5es - Duarte Caldeira | architect\" \/>\n<meta property=\"og:description\" content=\"O arquiteto Duarte Caldeira tem um vasto portef\u00f3lio de obras realizadas que inclui edif\u00edcios p\u00fablicos hot\u00e9is, empreendimentos residenciais e comerciais, interiores e design de mobili\u00e1rio.\" \/>\n<meta property=\"og:url\" content=\"https:\/\/www.duartecaldeira.com\/publicacoes\/\" \/>\n<meta property=\"og:site_name\" content=\"Duarte Caldeira | architect\" \/>\n<meta property=\"article:modified_time\" content=\"2015-02-13T15:13:59+00:00\" \/>\n<meta property=\"og:image\" content=\"https:\/\/www.duartecaldeira.com\/wp-content\/uploads\/2015\/02\/Inner-Territory_2.jpg\" \/>\n\t<meta property=\"og:image:width\" content=\"1000\" \/>\n\t<meta property=\"og:image:height\" content=\"1322\" \/>\n\t<meta property=\"og:image:type\" content=\"image\/jpeg\" \/>\n<meta name=\"twitter:label1\" content=\"Est. reading time\" \/>\n\t<meta name=\"twitter:data1\" content=\"5 minutes\" \/>\n<script type=\"application\/ld+json\" class=\"yoast-schema-graph\">{\"@context\":\"https:\\\/\\\/schema.org\",\"@graph\":[{\"@type\":\"WebPage\",\"@id\":\"https:\\\/\\\/www.duartecaldeira.com\\\/publicacoes\\\/\",\"url\":\"https:\\\/\\\/www.duartecaldeira.com\\\/publicacoes\\\/\",\"name\":\"Publica\u00e7\u00f5es - Duarte Caldeira | architect\",\"isPartOf\":{\"@id\":\"https:\\\/\\\/www.duartecaldeira.com\\\/#website\"},\"primaryImageOfPage\":{\"@id\":\"https:\\\/\\\/www.duartecaldeira.com\\\/publicacoes\\\/#primaryimage\"},\"image\":{\"@id\":\"https:\\\/\\\/www.duartecaldeira.com\\\/publicacoes\\\/#primaryimage\"},\"thumbnailUrl\":\"https:\\\/\\\/www.duartecaldeira.com\\\/wp-content\\\/uploads\\\/2015\\\/02\\\/Inner-Territory_2.jpg\",\"datePublished\":\"2015-01-15T15:08:06+00:00\",\"dateModified\":\"2015-02-13T15:13:59+00:00\",\"description\":\"O arquiteto Duarte Caldeira tem um vasto portef\u00f3lio de obras realizadas que inclui edif\u00edcios p\u00fablicos hot\u00e9is, empreendimentos residenciais e comerciais, interiores e design de mobili\u00e1rio.\",\"breadcrumb\":{\"@id\":\"https:\\\/\\\/www.duartecaldeira.com\\\/publicacoes\\\/#breadcrumb\"},\"inLanguage\":\"en-US\",\"potentialAction\":[{\"@type\":\"ReadAction\",\"target\":[\"https:\\\/\\\/www.duartecaldeira.com\\\/publicacoes\\\/\"]}]},{\"@type\":\"ImageObject\",\"inLanguage\":\"en-US\",\"@id\":\"https:\\\/\\\/www.duartecaldeira.com\\\/publicacoes\\\/#primaryimage\",\"url\":\"https:\\\/\\\/www.duartecaldeira.com\\\/wp-content\\\/uploads\\\/2015\\\/02\\\/Inner-Territory_2.jpg\",\"contentUrl\":\"https:\\\/\\\/www.duartecaldeira.com\\\/wp-content\\\/uploads\\\/2015\\\/02\\\/Inner-Territory_2.jpg\",\"width\":1000,\"height\":1322},{\"@type\":\"BreadcrumbList\",\"@id\":\"https:\\\/\\\/www.duartecaldeira.com\\\/publicacoes\\\/#breadcrumb\",\"itemListElement\":[{\"@type\":\"ListItem\",\"position\":1,\"name\":\"In\u00edcio\",\"item\":\"https:\\\/\\\/www.duartecaldeira.com\\\/\"},{\"@type\":\"ListItem\",\"position\":2,\"name\":\"Publica\u00e7\u00f5es\"}]},{\"@type\":\"WebSite\",\"@id\":\"https:\\\/\\\/www.duartecaldeira.com\\\/#website\",\"url\":\"https:\\\/\\\/www.duartecaldeira.com\\\/\",\"name\":\"Duarte Caldeira | architect\",\"description\":\"Duarte Caldeira | architect\",\"potentialAction\":[{\"@type\":\"SearchAction\",\"target\":{\"@type\":\"EntryPoint\",\"urlTemplate\":\"https:\\\/\\\/www.duartecaldeira.com\\\/?s={search_term_string}\"},\"query-input\":{\"@type\":\"PropertyValueSpecification\",\"valueRequired\":true,\"valueName\":\"search_term_string\"}}],\"inLanguage\":\"en-US\"}]}<\/script>\n<!-- \/ Yoast SEO plugin. -->","yoast_head_json":{"title":"Publica\u00e7\u00f5es - Duarte Caldeira | architect","description":"O arquiteto Duarte Caldeira tem um vasto portef\u00f3lio de obras realizadas que inclui edif\u00edcios p\u00fablicos hot\u00e9is, empreendimentos residenciais e comerciais, interiores e design de mobili\u00e1rio.","robots":{"index":"index","follow":"follow","max-snippet":"max-snippet:-1","max-image-preview":"max-image-preview:large","max-video-preview":"max-video-preview:-1"},"canonical":"https:\/\/www.duartecaldeira.com\/publicacoes\/","og_locale":"en_US","og_type":"article","og_title":"Publica\u00e7\u00f5es - Duarte Caldeira | architect","og_description":"O arquiteto Duarte Caldeira tem um vasto portef\u00f3lio de obras realizadas que inclui edif\u00edcios p\u00fablicos hot\u00e9is, empreendimentos residenciais e comerciais, interiores e design de mobili\u00e1rio.","og_url":"https:\/\/www.duartecaldeira.com\/publicacoes\/","og_site_name":"Duarte Caldeira | architect","article_modified_time":"2015-02-13T15:13:59+00:00","og_image":[{"width":1000,"height":1322,"url":"https:\/\/www.duartecaldeira.com\/wp-content\/uploads\/2015\/02\/Inner-Territory_2.jpg","type":"image\/jpeg"}],"twitter_misc":{"Est. reading time":"5 minutes"},"schema":{"@context":"https:\/\/schema.org","@graph":[{"@type":"WebPage","@id":"https:\/\/www.duartecaldeira.com\/publicacoes\/","url":"https:\/\/www.duartecaldeira.com\/publicacoes\/","name":"Publica\u00e7\u00f5es - Duarte Caldeira | architect","isPartOf":{"@id":"https:\/\/www.duartecaldeira.com\/#website"},"primaryImageOfPage":{"@id":"https:\/\/www.duartecaldeira.com\/publicacoes\/#primaryimage"},"image":{"@id":"https:\/\/www.duartecaldeira.com\/publicacoes\/#primaryimage"},"thumbnailUrl":"https:\/\/www.duartecaldeira.com\/wp-content\/uploads\/2015\/02\/Inner-Territory_2.jpg","datePublished":"2015-01-15T15:08:06+00:00","dateModified":"2015-02-13T15:13:59+00:00","description":"O arquiteto Duarte Caldeira tem um vasto portef\u00f3lio de obras realizadas que inclui edif\u00edcios p\u00fablicos hot\u00e9is, empreendimentos residenciais e comerciais, interiores e design de mobili\u00e1rio.","breadcrumb":{"@id":"https:\/\/www.duartecaldeira.com\/publicacoes\/#breadcrumb"},"inLanguage":"en-US","potentialAction":[{"@type":"ReadAction","target":["https:\/\/www.duartecaldeira.com\/publicacoes\/"]}]},{"@type":"ImageObject","inLanguage":"en-US","@id":"https:\/\/www.duartecaldeira.com\/publicacoes\/#primaryimage","url":"https:\/\/www.duartecaldeira.com\/wp-content\/uploads\/2015\/02\/Inner-Territory_2.jpg","contentUrl":"https:\/\/www.duartecaldeira.com\/wp-content\/uploads\/2015\/02\/Inner-Territory_2.jpg","width":1000,"height":1322},{"@type":"BreadcrumbList","@id":"https:\/\/www.duartecaldeira.com\/publicacoes\/#breadcrumb","itemListElement":[{"@type":"ListItem","position":1,"name":"In\u00edcio","item":"https:\/\/www.duartecaldeira.com\/"},{"@type":"ListItem","position":2,"name":"Publica\u00e7\u00f5es"}]},{"@type":"WebSite","@id":"https:\/\/www.duartecaldeira.com\/#website","url":"https:\/\/www.duartecaldeira.com\/","name":"Duarte Caldeira | architect","description":"Duarte Caldeira | architect","potentialAction":[{"@type":"SearchAction","target":{"@type":"EntryPoint","urlTemplate":"https:\/\/www.duartecaldeira.com\/?s={search_term_string}"},"query-input":{"@type":"PropertyValueSpecification","valueRequired":true,"valueName":"search_term_string"}}],"inLanguage":"en-US"}]}},"_links":{"self":[{"href":"https:\/\/www.duartecaldeira.com\/en\/wp-json\/wp\/v2\/pages\/761","targetHints":{"allow":["GET"]}}],"collection":[{"href":"https:\/\/www.duartecaldeira.com\/en\/wp-json\/wp\/v2\/pages"}],"about":[{"href":"https:\/\/www.duartecaldeira.com\/en\/wp-json\/wp\/v2\/types\/page"}],"author":[{"embeddable":true,"href":"https:\/\/www.duartecaldeira.com\/en\/wp-json\/wp\/v2\/users\/1"}],"replies":[{"embeddable":true,"href":"https:\/\/www.duartecaldeira.com\/en\/wp-json\/wp\/v2\/comments?post=761"}],"version-history":[{"count":0,"href":"https:\/\/www.duartecaldeira.com\/en\/wp-json\/wp\/v2\/pages\/761\/revisions"}],"wp:featuredmedia":[{"embeddable":true,"href":"https:\/\/www.duartecaldeira.com\/en\/wp-json\/wp\/v2\/media\/894"}],"wp:attachment":[{"href":"https:\/\/www.duartecaldeira.com\/en\/wp-json\/wp\/v2\/media?parent=761"}],"curies":[{"name":"wp","href":"https:\/\/api.w.org\/{rel}","templated":true}]}}