{"id":8,"date":"2014-11-28T17:24:17","date_gmt":"2014-11-28T17:24:17","guid":{"rendered":"http:\/\/www.duartecaldeira.com\/?page_id=8"},"modified":"2015-02-13T14:35:52","modified_gmt":"2015-02-13T14:35:52","slug":"bio","status":"publish","type":"page","link":"https:\/\/www.duartecaldeira.com\/en\/bio\/","title":{"rendered":"Bio"},"content":{"rendered":"<div class=\"wpb-content-wrapper\"><p><\/p>\n<p>[vc_row row_type=&#8221;row&#8221; use_row_as_full_screen_section=&#8221;no&#8221; type=&#8221;grid&#8221; icon_pack=&#8221;font_awesome&#8221; content_menu_fe_icon=&#8221;arrow_back&#8221; text_align=&#8221;left&#8221; css=&#8221;.vc_custom_1421343536905{padding-top: 8% !important;padding-bottom: 8% !important;}&#8221;][vc_column width=&#8221;1\/2&#8243;][vc_column_text]He graduated from the Faculty of Architecture of the Universidade Tecnica of Lisbon, Portugal. Duarte Caldeira worked as an architect and urban designer for the Urban Planning and Housing Department of Madeira. He founded the firm Massa Cinzenta and also established his own practice, which focuses on architectural design at every scale. Its concept-based approach aims to create buildings, objects and spaces which engage their users and respond to their ambitions, cultures and contexts. The twelve year old practice is supported by talented and experienced architects who develop projects from the early sketches to on-site supervision. Every project involves a multidisciplinary professional team and consultants whose knowledge, expertise and imagination brings a fresh and innovative approach to design.<\/p>\n<p>The office has a wide portfolio of work which includes public buildings, hotels, commercial and residential developments, as well as interior design and furniture. <strong>\u00a0\u00a0\u00a0\u00a0\u00a0\u00a0\u00a0 <\/strong>[\/vc_column_text][\/vc_column][vc_column width=&#8221;1\/2&#8243;][vc_single_image image=&#8221;976&#8243; border_color=&#8221;grey&#8221; img_link_target=&#8221;_self&#8221; img_size=&#8221;large&#8221;][\/vc_column][\/vc_row][vc_row][vc_column width=&#8221;1\/1&#8243;][vc_empty_space height=&#8221;152px&#8221;][\/vc_column][\/vc_row][vc_row][vc_column][vc_column_text]<\/p>\n<p>[\/vc_column_text][\/vc_column][\/vc_row][vc_row][vc_column][vc_column_text]<\/p>\n<p>\u00a0[\/vc_column_text][\/vc_column][\/vc_row]<\/p>\n<p><\/p>\n<\/div>","protected":false},"excerpt":{"rendered":"<p>[vc_row row_type=&#8221;row&#8221; use_row_as_full_screen_section=&#8221;no&#8221; type=&#8221;grid&#8221; icon_pack=&#8221;font_awesome&#8221; content_menu_fe_icon=&#8221;arrow_back&#8221; text_align=&#8221;left&#8221; css=&#8221;.vc_custom_1421343536905{padding-top: 8% !important;padding-bottom: 8% !important;}&#8221;][vc_column width=&#8221;1\/2&#8243;][vc_column_text]He graduated from the Faculty of Architecture of the Universidade Tecnica of Lisbon, Portugal. Duarte Caldeira worked as an architect and urban designer for the Urban Planning and Housing Department of Madeira. He&#8230;<\/p>\n","protected":false},"author":1,"featured_media":887,"parent":0,"menu_order":0,"comment_status":"open","ping_status":"open","template":"full_width.php","meta":{"_exactmetrics_skip_tracking":false,"_exactmetrics_sitenote_active":false,"_exactmetrics_sitenote_note":"","_exactmetrics_sitenote_category":0,"footnotes":""},"class_list":["post-8","page","type-page","status-publish","has-post-thumbnail","hentry"],"yoast_head":"<!-- This site is optimized with the Yoast SEO plugin v27.4 - https:\/\/yoast.com\/product\/yoast-seo-wordpress\/ -->\n<title>Bio - Duarte Caldeira | architect<\/title>\n<meta name=\"description\" content=\"O arquiteto Duarte Caldeira tem um vasto portef\u00f3lio de obras realizadas que inclui edif\u00edcios p\u00fablicos hot\u00e9is, empreendimentos residenciais e comerciais, interiores e design de mobili\u00e1rio.\" \/>\n<meta name=\"robots\" content=\"index, follow, max-snippet:-1, max-image-preview:large, max-video-preview:-1\" \/>\n<link rel=\"canonical\" href=\"https:\/\/www.duartecaldeira.com\/bio\/\" \/>\n<meta property=\"og:locale\" content=\"en_US\" \/>\n<meta property=\"og:type\" content=\"article\" \/>\n<meta property=\"og:title\" content=\"Bio - Duarte Caldeira | architect\" \/>\n<meta property=\"og:description\" content=\"O arquiteto Duarte Caldeira tem um vasto portef\u00f3lio de obras realizadas que inclui edif\u00edcios p\u00fablicos hot\u00e9is, empreendimentos residenciais e comerciais, interiores e design de mobili\u00e1rio.\" \/>\n<meta property=\"og:url\" content=\"https:\/\/www.duartecaldeira.com\/bio\/\" \/>\n<meta property=\"og:site_name\" content=\"Duarte Caldeira | architect\" \/>\n<meta property=\"article:modified_time\" content=\"2015-02-13T14:35:52+00:00\" \/>\n<meta property=\"og:image\" content=\"https:\/\/www.duartecaldeira.com\/wp-content\/uploads\/2014\/11\/foto-bio_2.jpg\" \/>\n\t<meta property=\"og:image:width\" content=\"1600\" \/>\n\t<meta property=\"og:image:height\" content=\"793\" \/>\n\t<meta property=\"og:image:type\" content=\"image\/jpeg\" \/>\n<meta name=\"twitter:label1\" content=\"Est. reading time\" \/>\n\t<meta name=\"twitter:data1\" content=\"3 minutes\" \/>\n<script type=\"application\/ld+json\" class=\"yoast-schema-graph\">{\"@context\":\"https:\\\/\\\/schema.org\",\"@graph\":[{\"@type\":\"WebPage\",\"@id\":\"https:\\\/\\\/www.duartecaldeira.com\\\/bio\\\/\",\"url\":\"https:\\\/\\\/www.duartecaldeira.com\\\/bio\\\/\",\"name\":\"Bio - Duarte Caldeira | architect\",\"isPartOf\":{\"@id\":\"https:\\\/\\\/www.duartecaldeira.com\\\/#website\"},\"primaryImageOfPage\":{\"@id\":\"https:\\\/\\\/www.duartecaldeira.com\\\/bio\\\/#primaryimage\"},\"image\":{\"@id\":\"https:\\\/\\\/www.duartecaldeira.com\\\/bio\\\/#primaryimage\"},\"thumbnailUrl\":\"https:\\\/\\\/www.duartecaldeira.com\\\/wp-content\\\/uploads\\\/2014\\\/11\\\/foto-bio_2.jpg\",\"datePublished\":\"2014-11-28T17:24:17+00:00\",\"dateModified\":\"2015-02-13T14:35:52+00:00\",\"description\":\"O arquiteto Duarte Caldeira tem um vasto portef\u00f3lio de obras realizadas que inclui edif\u00edcios p\u00fablicos hot\u00e9is, empreendimentos residenciais e comerciais, interiores e design de mobili\u00e1rio.\",\"breadcrumb\":{\"@id\":\"https:\\\/\\\/www.duartecaldeira.com\\\/bio\\\/#breadcrumb\"},\"inLanguage\":\"en-US\",\"potentialAction\":[{\"@type\":\"ReadAction\",\"target\":[\"https:\\\/\\\/www.duartecaldeira.com\\\/bio\\\/\"]}]},{\"@type\":\"ImageObject\",\"inLanguage\":\"en-US\",\"@id\":\"https:\\\/\\\/www.duartecaldeira.com\\\/bio\\\/#primaryimage\",\"url\":\"https:\\\/\\\/www.duartecaldeira.com\\\/wp-content\\\/uploads\\\/2014\\\/11\\\/foto-bio_2.jpg\",\"contentUrl\":\"https:\\\/\\\/www.duartecaldeira.com\\\/wp-content\\\/uploads\\\/2014\\\/11\\\/foto-bio_2.jpg\",\"width\":1600,\"height\":793},{\"@type\":\"BreadcrumbList\",\"@id\":\"https:\\\/\\\/www.duartecaldeira.com\\\/bio\\\/#breadcrumb\",\"itemListElement\":[{\"@type\":\"ListItem\",\"position\":1,\"name\":\"In\u00edcio\",\"item\":\"https:\\\/\\\/www.duartecaldeira.com\\\/\"},{\"@type\":\"ListItem\",\"position\":2,\"name\":\"Bio\"}]},{\"@type\":\"WebSite\",\"@id\":\"https:\\\/\\\/www.duartecaldeira.com\\\/#website\",\"url\":\"https:\\\/\\\/www.duartecaldeira.com\\\/\",\"name\":\"Duarte Caldeira | architect\",\"description\":\"Duarte Caldeira | architect\",\"potentialAction\":[{\"@type\":\"SearchAction\",\"target\":{\"@type\":\"EntryPoint\",\"urlTemplate\":\"https:\\\/\\\/www.duartecaldeira.com\\\/?s={search_term_string}\"},\"query-input\":{\"@type\":\"PropertyValueSpecification\",\"valueRequired\":true,\"valueName\":\"search_term_string\"}}],\"inLanguage\":\"en-US\"}]}<\/script>\n<!-- \/ Yoast SEO plugin. -->","yoast_head_json":{"title":"Bio - Duarte Caldeira | architect","description":"O arquiteto Duarte Caldeira tem um vasto portef\u00f3lio de obras realizadas que inclui edif\u00edcios p\u00fablicos hot\u00e9is, empreendimentos residenciais e comerciais, interiores e design de mobili\u00e1rio.","robots":{"index":"index","follow":"follow","max-snippet":"max-snippet:-1","max-image-preview":"max-image-preview:large","max-video-preview":"max-video-preview:-1"},"canonical":"https:\/\/www.duartecaldeira.com\/bio\/","og_locale":"en_US","og_type":"article","og_title":"Bio - Duarte Caldeira | architect","og_description":"O arquiteto Duarte Caldeira tem um vasto portef\u00f3lio de obras realizadas que inclui edif\u00edcios p\u00fablicos hot\u00e9is, empreendimentos residenciais e comerciais, interiores e design de mobili\u00e1rio.","og_url":"https:\/\/www.duartecaldeira.com\/bio\/","og_site_name":"Duarte Caldeira | architect","article_modified_time":"2015-02-13T14:35:52+00:00","og_image":[{"width":1600,"height":793,"url":"https:\/\/www.duartecaldeira.com\/wp-content\/uploads\/2014\/11\/foto-bio_2.jpg","type":"image\/jpeg"}],"twitter_misc":{"Est. reading time":"3 minutes"},"schema":{"@context":"https:\/\/schema.org","@graph":[{"@type":"WebPage","@id":"https:\/\/www.duartecaldeira.com\/bio\/","url":"https:\/\/www.duartecaldeira.com\/bio\/","name":"Bio - Duarte Caldeira | architect","isPartOf":{"@id":"https:\/\/www.duartecaldeira.com\/#website"},"primaryImageOfPage":{"@id":"https:\/\/www.duartecaldeira.com\/bio\/#primaryimage"},"image":{"@id":"https:\/\/www.duartecaldeira.com\/bio\/#primaryimage"},"thumbnailUrl":"https:\/\/www.duartecaldeira.com\/wp-content\/uploads\/2014\/11\/foto-bio_2.jpg","datePublished":"2014-11-28T17:24:17+00:00","dateModified":"2015-02-13T14:35:52+00:00","description":"O arquiteto Duarte Caldeira tem um vasto portef\u00f3lio de obras realizadas que inclui edif\u00edcios p\u00fablicos hot\u00e9is, empreendimentos residenciais e comerciais, interiores e design de mobili\u00e1rio.","breadcrumb":{"@id":"https:\/\/www.duartecaldeira.com\/bio\/#breadcrumb"},"inLanguage":"en-US","potentialAction":[{"@type":"ReadAction","target":["https:\/\/www.duartecaldeira.com\/bio\/"]}]},{"@type":"ImageObject","inLanguage":"en-US","@id":"https:\/\/www.duartecaldeira.com\/bio\/#primaryimage","url":"https:\/\/www.duartecaldeira.com\/wp-content\/uploads\/2014\/11\/foto-bio_2.jpg","contentUrl":"https:\/\/www.duartecaldeira.com\/wp-content\/uploads\/2014\/11\/foto-bio_2.jpg","width":1600,"height":793},{"@type":"BreadcrumbList","@id":"https:\/\/www.duartecaldeira.com\/bio\/#breadcrumb","itemListElement":[{"@type":"ListItem","position":1,"name":"In\u00edcio","item":"https:\/\/www.duartecaldeira.com\/"},{"@type":"ListItem","position":2,"name":"Bio"}]},{"@type":"WebSite","@id":"https:\/\/www.duartecaldeira.com\/#website","url":"https:\/\/www.duartecaldeira.com\/","name":"Duarte Caldeira | architect","description":"Duarte Caldeira | architect","potentialAction":[{"@type":"SearchAction","target":{"@type":"EntryPoint","urlTemplate":"https:\/\/www.duartecaldeira.com\/?s={search_term_string}"},"query-input":{"@type":"PropertyValueSpecification","valueRequired":true,"valueName":"search_term_string"}}],"inLanguage":"en-US"}]}},"_links":{"self":[{"href":"https:\/\/www.duartecaldeira.com\/en\/wp-json\/wp\/v2\/pages\/8","targetHints":{"allow":["GET"]}}],"collection":[{"href":"https:\/\/www.duartecaldeira.com\/en\/wp-json\/wp\/v2\/pages"}],"about":[{"href":"https:\/\/www.duartecaldeira.com\/en\/wp-json\/wp\/v2\/types\/page"}],"author":[{"embeddable":true,"href":"https:\/\/www.duartecaldeira.com\/en\/wp-json\/wp\/v2\/users\/1"}],"replies":[{"embeddable":true,"href":"https:\/\/www.duartecaldeira.com\/en\/wp-json\/wp\/v2\/comments?post=8"}],"version-history":[{"count":0,"href":"https:\/\/www.duartecaldeira.com\/en\/wp-json\/wp\/v2\/pages\/8\/revisions"}],"wp:featuredmedia":[{"embeddable":true,"href":"https:\/\/www.duartecaldeira.com\/en\/wp-json\/wp\/v2\/media\/887"}],"wp:attachment":[{"href":"https:\/\/www.duartecaldeira.com\/en\/wp-json\/wp\/v2\/media?parent=8"}],"curies":[{"name":"wp","href":"https:\/\/api.w.org\/{rel}","templated":true}]}}